{"id":31,"date":"2020-04-13T11:18:52","date_gmt":"2020-04-13T11:18:52","guid":{"rendered":"https:\/\/muellerlaw.us\/about\/"},"modified":"2025-07-25T14:43:28","modified_gmt":"2025-07-25T14:43:28","slug":"about","status":"publish","type":"page","link":"https:\/\/muellerlaw.us\/es\/about\/","title":{"rendered":"ABOGADOS"},"content":{"rendered":"<div data-elementor-type=\"wp-page\" data-elementor-id=\"31\" class=\"elementor elementor-31\" data-elementor-post-type=\"page\">\n\t\t\t\t\t\t<section class=\"elementor-section elementor-top-section elementor-element elementor-element-5131a13e elementor-section-full_width elementor-section-height-min-height elementor-section-content-top elementor-section-stretched elementor-section-height-default elementor-section-items-middle\" data-id=\"5131a13e\" data-element_type=\"section\" data-e-type=\"section\" data-settings=\"{&quot;background_background&quot;:&quot;classic&quot;,&quot;stretch_section&quot;:&quot;section-stretched&quot;}\">\n\t\t\t\t\t\t\t<div class=\"elementor-background-overlay\"><\/div>\n\t\t\t\t\t\t\t<div class=\"elementor-container elementor-column-gap-default\">\n\t\t\t\t\t<div class=\"elementor-column elementor-col-100 elementor-top-column elementor-element elementor-element-47fc009\" data-id=\"47fc009\" data-element_type=\"column\" data-e-type=\"column\">\n\t\t\t<div class=\"elementor-widget-wrap elementor-element-populated\">\n\t\t\t\t\t\t<div class=\"elementor-element elementor-element-94af798 elementor-hidden-mobile elementor-widget elementor-widget-heading\" data-id=\"94af798\" data-element_type=\"widget\" data-e-type=\"widget\" data-widget_type=\"heading.default\">\n\t\t\t\t<div class=\"elementor-widget-container\">\n\t\t\t\t\t<h1 class=\"elementor-heading-title elementor-size-default\">BIOS  DE LOS ABOGADOS<\/h1>\t\t\t\t<\/div>\n\t\t\t\t<\/div>\n\t\t\t\t<div class=\"elementor-element elementor-element-4758232 elementor-hidden-desktop elementor-hidden-tablet elementor-widget elementor-widget-heading\" data-id=\"4758232\" data-element_type=\"widget\" data-e-type=\"widget\" data-widget_type=\"heading.default\">\n\t\t\t\t<div class=\"elementor-widget-container\">\n\t\t\t\t\t<h1 class=\"elementor-heading-title elementor-size-default\">ABOGADOS<\/h1>\t\t\t\t<\/div>\n\t\t\t\t<\/div>\n\t\t\t\t\t<\/div>\n\t\t<\/div>\n\t\t\t\t\t<\/div>\n\t\t<\/section>\n\t\t\t\t<section class=\"elementor-section elementor-top-section elementor-element elementor-element-40177ae0 elementor-section-boxed elementor-section-height-default elementor-section-height-default\" data-id=\"40177ae0\" data-element_type=\"section\" data-e-type=\"section\" data-settings=\"{&quot;background_background&quot;:&quot;classic&quot;}\">\n\t\t\t\t\t\t<div class=\"elementor-container elementor-column-gap-narrow\">\n\t\t\t\t\t<div class=\"elementor-column elementor-col-33 elementor-top-column elementor-element elementor-element-2828f573\" data-id=\"2828f573\" data-element_type=\"column\" data-e-type=\"column\">\n\t\t\t<div class=\"elementor-widget-wrap elementor-element-populated\">\n\t\t\t\t\t\t<div class=\"elementor-element elementor-element-68afc23b elementor-widget elementor-widget-heading\" data-id=\"68afc23b\" data-element_type=\"widget\" data-e-type=\"widget\" data-widget_type=\"heading.default\">\n\t\t\t\t<div class=\"elementor-widget-container\">\n\t\t\t\t\t<h2 class=\"elementor-heading-title elementor-size-default\">Kristen Mueller<\/h2>\t\t\t\t<\/div>\n\t\t\t\t<\/div>\n\t\t\t\t<div class=\"elementor-element elementor-element-c6bbd4a elementor-position-left elementor-vertical-align-top elementor-widget elementor-widget-image-box\" data-id=\"c6bbd4a\" data-element_type=\"widget\" data-e-type=\"widget\" data-widget_type=\"image-box.default\">\n\t\t\t\t<div class=\"elementor-widget-container\">\n\t\t\t\t\t<div class=\"elementor-image-box-wrapper\"><figure class=\"elementor-image-box-img\"><img fetchpriority=\"high\" decoding=\"async\" width=\"500\" height=\"500\" src=\"https:\/\/i0.wp.com\/muellerlaw.us\/wp-content\/uploads\/2021\/11\/5CEB174D-F11C-43EC-A237-AF42FC41F7DC.jpeg?fit=500%2C500&amp;ssl=1\" class=\"attachment-2048x2048 size-2048x2048 wp-image-318\" alt=\"\" srcset=\"https:\/\/i0.wp.com\/muellerlaw.us\/wp-content\/uploads\/2021\/11\/5CEB174D-F11C-43EC-A237-AF42FC41F7DC.jpeg?w=500&amp;ssl=1 500w, https:\/\/i0.wp.com\/muellerlaw.us\/wp-content\/uploads\/2021\/11\/5CEB174D-F11C-43EC-A237-AF42FC41F7DC.jpeg?resize=300%2C300&amp;ssl=1 300w, https:\/\/i0.wp.com\/muellerlaw.us\/wp-content\/uploads\/2021\/11\/5CEB174D-F11C-43EC-A237-AF42FC41F7DC.jpeg?resize=150%2C150&amp;ssl=1 150w\" sizes=\"(max-width: 500px) 100vw, 500px\" \/><\/figure><div class=\"elementor-image-box-content\"><h3 class=\"elementor-image-box-title\">Fundadora\/ Asesora principal<br><br><\/h3><\/div><\/div>\t\t\t\t<\/div>\n\t\t\t\t<\/div>\n\t\t\t\t<div class=\"elementor-element elementor-element-ee545b3 elementor-widget elementor-widget-heading\" data-id=\"ee545b3\" data-element_type=\"widget\" data-e-type=\"widget\" data-widget_type=\"heading.default\">\n\t\t\t\t<div class=\"elementor-widget-container\">\n\t\t\t\t\t<h3 class=\"elementor-heading-title elementor-size-default\">COLEGIACIONES:<\/h3>\t\t\t\t<\/div>\n\t\t\t\t<\/div>\n\t\t\t\t<div class=\"elementor-element elementor-element-f44303d elementor-widget elementor-widget-text-editor\" data-id=\"f44303d\" data-element_type=\"widget\" data-e-type=\"widget\" data-widget_type=\"text-editor.default\">\n\t\t\t\t<div class=\"elementor-widget-container\">\n\t\t\t\t\t\t\t\t\t<ul><li>Estado de New York<\/li><li>Estado de Illinois<\/li><li>Estado de Wyoming<\/li><li>Estado de Tennessee<\/li><li>Tribunal de Distrito de EE. UU. para el Distrito Sur de Nueva York<\/li><li>Tribunal de Distrito de EE. UU. para el Distrito Este de Nueva York<\/li><\/ul>\t\t\t\t\t\t\t\t<\/div>\n\t\t\t\t<\/div>\n\t\t\t\t\t<\/div>\n\t\t<\/div>\n\t\t\t\t<div class=\"elementor-column elementor-col-66 elementor-top-column elementor-element elementor-element-48096891\" data-id=\"48096891\" data-element_type=\"column\" data-e-type=\"column\">\n\t\t\t<div class=\"elementor-widget-wrap elementor-element-populated\">\n\t\t\t\t\t\t<div class=\"elementor-element elementor-element-44ce5982 elementor-widget elementor-widget-text-editor\" data-id=\"44ce5982\" data-element_type=\"widget\" data-e-type=\"widget\" data-widget_type=\"text-editor.default\">\n\t\t\t\t<div class=\"elementor-widget-container\">\n\t\t\t\t\t\t\t\t\t<p>Kristen ejerce la abogac\u00eda en los Estados Unidos desde el  a\u00f1o 2007 y actualmente representa a peque\u00f1as empresas de una gran variedad de industrias diferentes, que incluyen \u00e1reas de esqu\u00ed y tirolesa, analistas de comportamiento certificados por la junta y administradores de activos de conserjer\u00eda internacional. Kristen asesora a clientes sobre acuerdos contractuales, acuerdos laborales y manuales, otros asuntos de legislaci\u00f3n laboral, una serie de cuestiones de cumplimiento relacionadas con el lavado de dinero y otras regulaciones promulgadas por OFAC, FinCEN y otras divisiones del Departamento del Tesoro y el Departamento de Estado. Tambi\u00e9n maneja solicitudes de marcas para clientes.\u00a0<\/p><p>Antes de fundar Mueller Law, SRL, Kristen trabaj\u00f3 como abogada interna y asociada s\u00e9nior de litigios en bufetes de abogados y agencias gubernamentales. Tiene experiencia en litigios complejos, que incluyen transacciones comerciales, civiles, inmobiliarias e impuestos, relaciones dom\u00e9sticas y asuntos penales. Durante su carrera legal, ha representado a empresas privadas, distritos escolares, compa\u00f1\u00edas de seguros de t\u00edtulos y personas, incluidos dos reclusos condenados a la pena capital. Con su amplia experiencia en litigios y conocimiento de la ley, Kristen ofrece a los clientes una visi\u00f3n cr\u00edtica de los posibles resultados de una transacci\u00f3n determinada. Anticipa los peores escenarios y estructura estrat\u00e9gicamente los contratos y las relaciones para proteger a los clientes en sus esfuerzos.<\/p><p>Kristen recibi\u00f3 una licenciatura en telecomunicaciones y franc\u00e9s de la Universidad de Indiana y un Doctorado en Jurisprudencia de la Facultad de Derecho de la Universidad de St. Thomas.\u00a0<\/p>\t\t\t\t\t\t\t\t<\/div>\n\t\t\t\t<\/div>\n\t\t\t\t<div class=\"elementor-element elementor-element-e4f0ce0 elementor-align-left elementor-widget elementor-widget-button\" data-id=\"e4f0ce0\" data-element_type=\"widget\" data-e-type=\"widget\" data-widget_type=\"button.default\">\n\t\t\t\t<div class=\"elementor-widget-container\">\n\t\t\t\t\t\t\t\t\t<div class=\"elementor-button-wrapper\">\n\t\t\t\t\t<a class=\"elementor-button elementor-button-link elementor-size-sm\" href=\"mailto:kristen@muellerlaw.us\">\n\t\t\t\t\t\t<span class=\"elementor-button-content-wrapper\">\n\t\t\t\t\t\t\t\t\t<span class=\"elementor-button-text\">kristen@muellerlaw.us<\/span>\n\t\t\t\t\t<\/span>\n\t\t\t\t\t<\/a>\n\t\t\t\t<\/div>\n\t\t\t\t\t\t\t\t<\/div>\n\t\t\t\t<\/div>\n\t\t\t\t\t<\/div>\n\t\t<\/div>\n\t\t\t\t\t<\/div>\n\t\t<\/section>\n\t\t\t\t<\/div>","protected":false},"excerpt":{"rendered":"<p>Attorney Bios Attorneys Kristen Mueller Founder\/ Lead Counsel Bar Admissions: State of New York State of Illinois State of Wyoming State of Tennessee U.S. District Court for the Southern District of New York U.S. District Court for the Eastern District of New York Kristen has been practicing law in the United States since 2007 and [&hellip;]<\/p>\n","protected":false},"author":1,"featured_media":0,"parent":0,"menu_order":0,"comment_status":"closed","ping_status":"closed","template":"","meta":{"nf_dc_page":"","site-sidebar-layout":"no-sidebar","site-content-layout":"page-builder","ast-site-content-layout":"default","site-content-style":"default","site-sidebar-style":"default","ast-global-header-display":"","ast-banner-title-visibility":"","ast-main-header-display":"","ast-hfb-above-header-display":"","ast-hfb-below-header-display":"","ast-hfb-mobile-header-display":"","site-post-title":"disabled","ast-breadcrumbs-content":"","ast-featured-img":"","footer-sml-layout":"","ast-disable-related-posts":"","theme-transparent-header-meta":"enabled","adv-header-id-meta":"","stick-header-meta":"","header-above-stick-meta":"","header-main-stick-meta":"","header-below-stick-meta":"","astra-migrate-meta-layouts":"default","ast-page-background-enabled":"default","ast-page-background-meta":{"desktop":{"background-color":"","background-image":"","background-repeat":"repeat","background-position":"center center","background-size":"auto","background-attachment":"scroll","background-type":"","background-media":"","overlay-type":"","overlay-color":"","overlay-opacity":"","overlay-gradient":""},"tablet":{"background-color":"","background-image":"","background-repeat":"repeat","background-position":"center center","background-size":"auto","background-attachment":"scroll","background-type":"","background-media":"","overlay-type":"","overlay-color":"","overlay-opacity":"","overlay-gradient":""},"mobile":{"background-color":"","background-image":"","background-repeat":"repeat","background-position":"center center","background-size":"auto","background-attachment":"scroll","background-type":"","background-media":"","overlay-type":"","overlay-color":"","overlay-opacity":"","overlay-gradient":""}},"ast-content-background-meta":{"desktop":{"background-color":"var(--ast-global-color-5)","background-image":"","background-repeat":"repeat","background-position":"center center","background-size":"auto","background-attachment":"scroll","background-type":"","background-media":"","overlay-type":"","overlay-color":"","overlay-opacity":"","overlay-gradient":""},"tablet":{"background-color":"var(--ast-global-color-5)","background-image":"","background-repeat":"repeat","background-position":"center center","background-size":"auto","background-attachment":"scroll","background-type":"","background-media":"","overlay-type":"","overlay-color":"","overlay-opacity":"","overlay-gradient":""},"mobile":{"background-color":"var(--ast-global-color-5)","background-image":"","background-repeat":"repeat","background-position":"center center","background-size":"auto","background-attachment":"scroll","background-type":"","background-media":"","overlay-type":"","overlay-color":"","overlay-opacity":"","overlay-gradient":""}},"footnotes":""},"class_list":["post-31","page","type-page","status-publish","hentry"],"yoast_head":"<!-- This site is optimized with the Yoast SEO plugin v27.3 - https:\/\/yoast.com\/product\/yoast-seo-wordpress\/ -->\n<title>Attorneys &#8902; MUELLER LAW, LLC<\/title>\n<meta name=\"robots\" content=\"index, follow, max-snippet:-1, max-image-preview:large, max-video-preview:-1\" \/>\n<link rel=\"canonical\" href=\"https:\/\/muellerlaw.us\/es\/about\/\" \/>\n<meta property=\"og:locale\" content=\"es_MX\" \/>\n<meta property=\"og:type\" content=\"article\" \/>\n<meta property=\"og:title\" content=\"Attorneys &#8902; MUELLER LAW, LLC\" \/>\n<meta property=\"og:description\" content=\"Attorney Bios Attorneys Kristen Mueller Founder\/ Lead Counsel Bar Admissions: State of New York State of Illinois State of Wyoming State of Tennessee U.S. District Court for the Southern District of New York U.S. District Court for the Eastern District of New York Kristen has been practicing law in the United States since 2007 and [&hellip;]\" \/>\n<meta property=\"og:url\" content=\"https:\/\/muellerlaw.us\/es\/about\/\" \/>\n<meta property=\"og:site_name\" content=\"MUELLER LAW, LLC\" \/>\n<meta property=\"article:publisher\" content=\"https:\/\/www.facebook.com\/profile.php?id=100088993026182\" \/>\n<meta property=\"article:modified_time\" content=\"2025-07-25T14:43:28+00:00\" \/>\n<meta property=\"og:image\" content=\"https:\/\/muellerlaw.us\/wp-content\/uploads\/2021\/11\/5CEB174D-F11C-43EC-A237-AF42FC41F7DC.jpeg\" \/>\n<meta name=\"twitter:card\" content=\"summary_large_image\" \/>\n<meta name=\"twitter:label1\" content=\"Tiempo de lectura\" \/>\n\t<meta name=\"twitter:data1\" content=\"2 minutos\" \/>\n<script type=\"application\/ld+json\" class=\"yoast-schema-graph\">{\"@context\":\"https:\\\/\\\/schema.org\",\"@graph\":[{\"@type\":\"WebPage\",\"@id\":\"https:\\\/\\\/muellerlaw.us\\\/about\\\/\",\"url\":\"https:\\\/\\\/muellerlaw.us\\\/about\\\/\",\"name\":\"Attorneys &#8902; MUELLER LAW, LLC\",\"isPartOf\":{\"@id\":\"https:\\\/\\\/muellerlaw.us\\\/#website\"},\"primaryImageOfPage\":{\"@id\":\"https:\\\/\\\/muellerlaw.us\\\/about\\\/#primaryimage\"},\"image\":{\"@id\":\"https:\\\/\\\/muellerlaw.us\\\/about\\\/#primaryimage\"},\"thumbnailUrl\":\"https:\\\/\\\/muellerlaw.us\\\/wp-content\\\/uploads\\\/2021\\\/11\\\/5CEB174D-F11C-43EC-A237-AF42FC41F7DC.jpeg\",\"datePublished\":\"2020-04-13T11:18:52+00:00\",\"dateModified\":\"2025-07-25T14:43:28+00:00\",\"breadcrumb\":{\"@id\":\"https:\\\/\\\/muellerlaw.us\\\/about\\\/#breadcrumb\"},\"inLanguage\":\"es\",\"potentialAction\":[{\"@type\":\"ReadAction\",\"target\":[\"https:\\\/\\\/muellerlaw.us\\\/about\\\/\"]}]},{\"@type\":\"ImageObject\",\"inLanguage\":\"es\",\"@id\":\"https:\\\/\\\/muellerlaw.us\\\/about\\\/#primaryimage\",\"url\":\"https:\\\/\\\/muellerlaw.us\\\/wp-content\\\/uploads\\\/2021\\\/11\\\/5CEB174D-F11C-43EC-A237-AF42FC41F7DC.jpeg\",\"contentUrl\":\"https:\\\/\\\/muellerlaw.us\\\/wp-content\\\/uploads\\\/2021\\\/11\\\/5CEB174D-F11C-43EC-A237-AF42FC41F7DC.jpeg\"},{\"@type\":\"BreadcrumbList\",\"@id\":\"https:\\\/\\\/muellerlaw.us\\\/about\\\/#breadcrumb\",\"itemListElement\":[{\"@type\":\"ListItem\",\"position\":1,\"name\":\"Home\",\"item\":\"https:\\\/\\\/muellerlaw.us\\\/\"},{\"@type\":\"ListItem\",\"position\":2,\"name\":\"Attorneys\"}]},{\"@type\":\"WebSite\",\"@id\":\"https:\\\/\\\/muellerlaw.us\\\/#website\",\"url\":\"https:\\\/\\\/muellerlaw.us\\\/\",\"name\":\"MUELLER LAW, LLC\",\"description\":\"Representing small businesses in NY, IL, TN, &amp; WY.\",\"publisher\":{\"@id\":\"https:\\\/\\\/muellerlaw.us\\\/#organization\"},\"potentialAction\":[{\"@type\":\"SearchAction\",\"target\":{\"@type\":\"EntryPoint\",\"urlTemplate\":\"https:\\\/\\\/muellerlaw.us\\\/?s={search_term_string}\"},\"query-input\":{\"@type\":\"PropertyValueSpecification\",\"valueRequired\":true,\"valueName\":\"search_term_string\"}}],\"inLanguage\":\"es\"},{\"@type\":\"Organization\",\"@id\":\"https:\\\/\\\/muellerlaw.us\\\/#organization\",\"name\":\"Mueller Law, LLC\",\"url\":\"https:\\\/\\\/muellerlaw.us\\\/\",\"logo\":{\"@type\":\"ImageObject\",\"inLanguage\":\"es\",\"@id\":\"https:\\\/\\\/muellerlaw.us\\\/#\\\/schema\\\/logo\\\/image\\\/\",\"url\":\"https:\\\/\\\/i0.wp.com\\\/muellerlaw.us\\\/wp-content\\\/uploads\\\/2021\\\/11\\\/ML_Logo_Full_BGEmail.png?fit=290%2C244&ssl=1\",\"contentUrl\":\"https:\\\/\\\/i0.wp.com\\\/muellerlaw.us\\\/wp-content\\\/uploads\\\/2021\\\/11\\\/ML_Logo_Full_BGEmail.png?fit=290%2C244&ssl=1\",\"width\":290,\"height\":244,\"caption\":\"Mueller Law, LLC\"},\"image\":{\"@id\":\"https:\\\/\\\/muellerlaw.us\\\/#\\\/schema\\\/logo\\\/image\\\/\"},\"sameAs\":[\"https:\\\/\\\/www.facebook.com\\\/profile.php?id=100088993026182\",\"https:\\\/\\\/www.instagram.com\\\/muellerlawyer?fbclid=IwY2xjawIXYFxleHRuA2FlbQIxMAABHYuYH0Yobg0EN4OsFp6nBZrCHWjTe9kZQBxCATFyzuP0Du9bwqGhC1zo5Q_aem_EUfBJhaYwkS5K_SnMQ7kJA\"]}]}<\/script>\n<!-- \/ Yoast SEO plugin. -->","yoast_head_json":{"title":"Attorneys &#8902; MUELLER LAW, LLC","robots":{"index":"index","follow":"follow","max-snippet":"max-snippet:-1","max-image-preview":"max-image-preview:large","max-video-preview":"max-video-preview:-1"},"canonical":"https:\/\/muellerlaw.us\/es\/about\/","og_locale":"es_MX","og_type":"article","og_title":"Attorneys &#8902; MUELLER LAW, LLC","og_description":"Attorney Bios Attorneys Kristen Mueller Founder\/ Lead Counsel Bar Admissions: State of New York State of Illinois State of Wyoming State of Tennessee U.S. District Court for the Southern District of New York U.S. District Court for the Eastern District of New York Kristen has been practicing law in the United States since 2007 and [&hellip;]","og_url":"https:\/\/muellerlaw.us\/es\/about\/","og_site_name":"MUELLER LAW, LLC","article_publisher":"https:\/\/www.facebook.com\/profile.php?id=100088993026182","article_modified_time":"2025-07-25T14:43:28+00:00","og_image":[{"url":"https:\/\/muellerlaw.us\/wp-content\/uploads\/2021\/11\/5CEB174D-F11C-43EC-A237-AF42FC41F7DC.jpeg","type":"","width":"","height":""}],"twitter_card":"summary_large_image","twitter_misc":{"Tiempo de lectura":"2 minutos"},"schema":{"@context":"https:\/\/schema.org","@graph":[{"@type":"WebPage","@id":"https:\/\/muellerlaw.us\/about\/","url":"https:\/\/muellerlaw.us\/about\/","name":"Attorneys &#8902; MUELLER LAW, LLC","isPartOf":{"@id":"https:\/\/muellerlaw.us\/#website"},"primaryImageOfPage":{"@id":"https:\/\/muellerlaw.us\/about\/#primaryimage"},"image":{"@id":"https:\/\/muellerlaw.us\/about\/#primaryimage"},"thumbnailUrl":"https:\/\/muellerlaw.us\/wp-content\/uploads\/2021\/11\/5CEB174D-F11C-43EC-A237-AF42FC41F7DC.jpeg","datePublished":"2020-04-13T11:18:52+00:00","dateModified":"2025-07-25T14:43:28+00:00","breadcrumb":{"@id":"https:\/\/muellerlaw.us\/about\/#breadcrumb"},"inLanguage":"es","potentialAction":[{"@type":"ReadAction","target":["https:\/\/muellerlaw.us\/about\/"]}]},{"@type":"ImageObject","inLanguage":"es","@id":"https:\/\/muellerlaw.us\/about\/#primaryimage","url":"https:\/\/muellerlaw.us\/wp-content\/uploads\/2021\/11\/5CEB174D-F11C-43EC-A237-AF42FC41F7DC.jpeg","contentUrl":"https:\/\/muellerlaw.us\/wp-content\/uploads\/2021\/11\/5CEB174D-F11C-43EC-A237-AF42FC41F7DC.jpeg"},{"@type":"BreadcrumbList","@id":"https:\/\/muellerlaw.us\/about\/#breadcrumb","itemListElement":[{"@type":"ListItem","position":1,"name":"Home","item":"https:\/\/muellerlaw.us\/"},{"@type":"ListItem","position":2,"name":"Attorneys"}]},{"@type":"WebSite","@id":"https:\/\/muellerlaw.us\/#website","url":"https:\/\/muellerlaw.us\/","name":"MUELLER LAW, LLC","description":"Representing small businesses in NY, IL, TN, &amp; WY.","publisher":{"@id":"https:\/\/muellerlaw.us\/#organization"},"potentialAction":[{"@type":"SearchAction","target":{"@type":"EntryPoint","urlTemplate":"https:\/\/muellerlaw.us\/?s={search_term_string}"},"query-input":{"@type":"PropertyValueSpecification","valueRequired":true,"valueName":"search_term_string"}}],"inLanguage":"es"},{"@type":"Organization","@id":"https:\/\/muellerlaw.us\/#organization","name":"Mueller Law, LLC","url":"https:\/\/muellerlaw.us\/","logo":{"@type":"ImageObject","inLanguage":"es","@id":"https:\/\/muellerlaw.us\/#\/schema\/logo\/image\/","url":"https:\/\/i0.wp.com\/muellerlaw.us\/wp-content\/uploads\/2021\/11\/ML_Logo_Full_BGEmail.png?fit=290%2C244&ssl=1","contentUrl":"https:\/\/i0.wp.com\/muellerlaw.us\/wp-content\/uploads\/2021\/11\/ML_Logo_Full_BGEmail.png?fit=290%2C244&ssl=1","width":290,"height":244,"caption":"Mueller Law, LLC"},"image":{"@id":"https:\/\/muellerlaw.us\/#\/schema\/logo\/image\/"},"sameAs":["https:\/\/www.facebook.com\/profile.php?id=100088993026182","https:\/\/www.instagram.com\/muellerlawyer?fbclid=IwY2xjawIXYFxleHRuA2FlbQIxMAABHYuYH0Yobg0EN4OsFp6nBZrCHWjTe9kZQBxCATFyzuP0Du9bwqGhC1zo5Q_aem_EUfBJhaYwkS5K_SnMQ7kJA"]}]}},"jetpack_sharing_enabled":true,"_links":{"self":[{"href":"https:\/\/muellerlaw.us\/es\/wp-json\/wp\/v2\/pages\/31","targetHints":{"allow":["GET"]}}],"collection":[{"href":"https:\/\/muellerlaw.us\/es\/wp-json\/wp\/v2\/pages"}],"about":[{"href":"https:\/\/muellerlaw.us\/es\/wp-json\/wp\/v2\/types\/page"}],"author":[{"embeddable":true,"href":"https:\/\/muellerlaw.us\/es\/wp-json\/wp\/v2\/users\/1"}],"replies":[{"embeddable":true,"href":"https:\/\/muellerlaw.us\/es\/wp-json\/wp\/v2\/comments?post=31"}],"version-history":[{"count":5,"href":"https:\/\/muellerlaw.us\/es\/wp-json\/wp\/v2\/pages\/31\/revisions"}],"predecessor-version":[{"id":1280,"href":"https:\/\/muellerlaw.us\/es\/wp-json\/wp\/v2\/pages\/31\/revisions\/1280"}],"wp:attachment":[{"href":"https:\/\/muellerlaw.us\/es\/wp-json\/wp\/v2\/media?parent=31"}],"curies":[{"name":"wp","href":"https:\/\/api.w.org\/{rel}","templated":true}]}}