{"id":31,"date":"2020-04-13T11:18:52","date_gmt":"2020-04-13T11:18:52","guid":{"rendered":"https:\/\/muellerlaw.us\/about\/"},"modified":"2025-07-25T14:43:28","modified_gmt":"2025-07-25T14:43:28","slug":"about","status":"publish","type":"page","link":"https:\/\/muellerlaw.us\/tr\/about\/","title":{"rendered":"AVUKATLAR"},"content":{"rendered":"<div data-elementor-type=\"wp-page\" data-elementor-id=\"31\" class=\"elementor elementor-31\" data-elementor-post-type=\"page\">\n\t\t\t\t\t\t<section class=\"elementor-section elementor-top-section elementor-element elementor-element-5131a13e elementor-section-full_width elementor-section-height-min-height elementor-section-content-top elementor-section-stretched elementor-section-height-default elementor-section-items-middle\" data-id=\"5131a13e\" data-element_type=\"section\" data-e-type=\"section\" data-settings=\"{&quot;background_background&quot;:&quot;classic&quot;,&quot;stretch_section&quot;:&quot;section-stretched&quot;}\">\n\t\t\t\t\t\t\t<div class=\"elementor-background-overlay\"><\/div>\n\t\t\t\t\t\t\t<div class=\"elementor-container elementor-column-gap-default\">\n\t\t\t\t\t<div class=\"elementor-column elementor-col-100 elementor-top-column elementor-element elementor-element-47fc009\" data-id=\"47fc009\" data-element_type=\"column\" data-e-type=\"column\">\n\t\t\t<div class=\"elementor-widget-wrap elementor-element-populated\">\n\t\t\t\t\t\t<div class=\"elementor-element elementor-element-94af798 elementor-hidden-mobile elementor-widget elementor-widget-heading\" data-id=\"94af798\" data-element_type=\"widget\" data-e-type=\"widget\" data-widget_type=\"heading.default\">\n\t\t\t\t<div class=\"elementor-widget-container\">\n\t\t\t\t\t<h1 class=\"elementor-heading-title elementor-size-default\">AVUKAT BIOS'u<\/h1>\t\t\t\t<\/div>\n\t\t\t\t<\/div>\n\t\t\t\t<div class=\"elementor-element elementor-element-4758232 elementor-hidden-desktop elementor-hidden-tablet elementor-widget elementor-widget-heading\" data-id=\"4758232\" data-element_type=\"widget\" data-e-type=\"widget\" data-widget_type=\"heading.default\">\n\t\t\t\t<div class=\"elementor-widget-container\">\n\t\t\t\t\t<h1 class=\"elementor-heading-title elementor-size-default\">AVUKATLAR<\/h1>\t\t\t\t<\/div>\n\t\t\t\t<\/div>\n\t\t\t\t\t<\/div>\n\t\t<\/div>\n\t\t\t\t\t<\/div>\n\t\t<\/section>\n\t\t\t\t<section class=\"elementor-section elementor-top-section elementor-element elementor-element-40177ae0 elementor-section-boxed elementor-section-height-default elementor-section-height-default\" data-id=\"40177ae0\" data-element_type=\"section\" data-e-type=\"section\" data-settings=\"{&quot;background_background&quot;:&quot;classic&quot;}\">\n\t\t\t\t\t\t<div class=\"elementor-container elementor-column-gap-narrow\">\n\t\t\t\t\t<div class=\"elementor-column elementor-col-33 elementor-top-column elementor-element elementor-element-2828f573\" data-id=\"2828f573\" data-element_type=\"column\" data-e-type=\"column\">\n\t\t\t<div class=\"elementor-widget-wrap elementor-element-populated\">\n\t\t\t\t\t\t<div class=\"elementor-element elementor-element-68afc23b elementor-widget elementor-widget-heading\" data-id=\"68afc23b\" data-element_type=\"widget\" data-e-type=\"widget\" data-widget_type=\"heading.default\">\n\t\t\t\t<div class=\"elementor-widget-container\">\n\t\t\t\t\t<h2 class=\"elementor-heading-title elementor-size-default\">Kristen Mueller<\/h2>\t\t\t\t<\/div>\n\t\t\t\t<\/div>\n\t\t\t\t<div class=\"elementor-element elementor-element-c6bbd4a elementor-position-left elementor-vertical-align-top elementor-widget elementor-widget-image-box\" data-id=\"c6bbd4a\" data-element_type=\"widget\" data-e-type=\"widget\" data-widget_type=\"image-box.default\">\n\t\t\t\t<div class=\"elementor-widget-container\">\n\t\t\t\t\t<div class=\"elementor-image-box-wrapper\"><figure class=\"elementor-image-box-img\"><img fetchpriority=\"high\" decoding=\"async\" width=\"500\" height=\"500\" src=\"https:\/\/i0.wp.com\/muellerlaw.us\/wp-content\/uploads\/2021\/11\/5CEB174D-F11C-43EC-A237-AF42FC41F7DC.jpeg?fit=500%2C500&amp;ssl=1\" class=\"attachment-2048x2048 size-2048x2048 wp-image-318\" alt=\"\" srcset=\"https:\/\/i0.wp.com\/muellerlaw.us\/wp-content\/uploads\/2021\/11\/5CEB174D-F11C-43EC-A237-AF42FC41F7DC.jpeg?w=500&amp;ssl=1 500w, https:\/\/i0.wp.com\/muellerlaw.us\/wp-content\/uploads\/2021\/11\/5CEB174D-F11C-43EC-A237-AF42FC41F7DC.jpeg?resize=300%2C300&amp;ssl=1 300w, https:\/\/i0.wp.com\/muellerlaw.us\/wp-content\/uploads\/2021\/11\/5CEB174D-F11C-43EC-A237-AF42FC41F7DC.jpeg?resize=150%2C150&amp;ssl=1 150w\" sizes=\"(max-width: 500px) 100vw, 500px\" \/><\/figure><div class=\"elementor-image-box-content\"><h3 class=\"elementor-image-box-title\">Kurucu \/ Ba\u015f Dan\u0131\u015fman<br><br><\/h3><\/div><\/div>\t\t\t\t<\/div>\n\t\t\t\t<\/div>\n\t\t\t\t<div class=\"elementor-element elementor-element-ee545b3 elementor-widget elementor-widget-heading\" data-id=\"ee545b3\" data-element_type=\"widget\" data-e-type=\"widget\" data-widget_type=\"heading.default\">\n\t\t\t\t<div class=\"elementor-widget-container\">\n\t\t\t\t\t<h3 class=\"elementor-heading-title elementor-size-default\">BAR KAYITLARI:<\/h3>\t\t\t\t<\/div>\n\t\t\t\t<\/div>\n\t\t\t\t<div class=\"elementor-element elementor-element-f44303d elementor-widget elementor-widget-text-editor\" data-id=\"f44303d\" data-element_type=\"widget\" data-e-type=\"widget\" data-widget_type=\"text-editor.default\">\n\t\t\t\t<div class=\"elementor-widget-container\">\n\t\t\t\t\t\t\t\t\t<ul><li>New York Eyaleti<\/li><li>Illinois Eyaleti<\/li><li>Wyoming Eyaleti<\/li><li>Tennessee Eyaleti<\/li><li>ABD New York G\u00fcney B\u00f6lgesi B\u00f6lge Mahkemesi<\/li><li>ABD New York Do\u011fu B\u00f6lgesi B\u00f6lge Mahkemesi<\/li><\/ul>\t\t\t\t\t\t\t\t<\/div>\n\t\t\t\t<\/div>\n\t\t\t\t\t<\/div>\n\t\t<\/div>\n\t\t\t\t<div class=\"elementor-column elementor-col-66 elementor-top-column elementor-element elementor-element-48096891\" data-id=\"48096891\" data-element_type=\"column\" data-e-type=\"column\">\n\t\t\t<div class=\"elementor-widget-wrap elementor-element-populated\">\n\t\t\t\t\t\t<div class=\"elementor-element elementor-element-44ce5982 elementor-widget elementor-widget-text-editor\" data-id=\"44ce5982\" data-element_type=\"widget\" data-e-type=\"widget\" data-widget_type=\"text-editor.default\">\n\t\t\t\t<div class=\"elementor-widget-container\">\n\t\t\t\t\t\t\t\t\t<p>Kristen, 2007'den beri Amerika Birle\u015fik Devletleri'nde avukatl\u0131k yapmaktad\u0131r ve \u015fu anda kayak ve zipline alanlar\u0131, kurul onayl\u0131 davran\u0131\u015f analistleri ve uluslararas\u0131 hizmet\u00e7i m\u00fclk y\u00f6neticileri dahil olmak \u00fczere bir dizi farkl\u0131 end\u00fcstrideki k\u00fc\u00e7\u00fck i\u015fletmeleri temsil etmektedir.  Kristen, m\u00fcvekkillere anla\u015fmaya dayal\u0131 s\u00f6zle\u015fmeler, i\u015f s\u00f6zle\u015fmeleri ve el kitaplar\u0131, i\u015fle ilgili di\u011fer konular, OFAC ve FinCEN taraf\u0131ndan yay\u0131nlanan kara para aklamay\u0131 \u00f6nleme ve di\u011fer d\u00fczenlemeleri i\u00e7eren bir dizi uyum sorunu ve Hazine Bakanl\u0131\u011f\u0131 ile D\u0131\u015fi\u015fleri Bakanl\u0131\u011f\u0131'n\u0131n di\u011fer b\u00f6l\u00fcmleri taraf\u0131ndan yay\u0131nlanan di\u011fer d\u00fczenlemeler hakk\u0131nda tavsiyelerde bulunur.  Ayr\u0131ca m\u00fcvekkilleri i\u00e7in ticari marka ba\u015fvurular\u0131n\u0131 da y\u00fcr\u00fctmektedir.\u00a0<\/p><p>Mueller Law LLC kurulmadan \u00f6nce, Kristen hem \u015firket i\u00e7i dan\u0131\u015fman olarak hem de hukuk firmalar\u0131 ve devlet kurumlar\u0131nda k\u0131demli bir dava orta\u011f\u0131 olarak \u00e7al\u0131\u015ft\u0131.  Ticari, sivil, gayrimenkul m\u00fclk i\u015flemleri ve vergileri, aile i\u00e7i ili\u015fkiler ve cezai konular dahil olmak \u00fczere karma\u015f\u0131k dava konular\u0131nda deneyime sahiptir.  Hukuki kariyeri boyunca, \u00f6zel \u015firketleri, okul b\u00f6lgelerini, tapu sigorta \u015firketlerini ve iki idam mahkumu da dahil olmak \u00fczere temsil etti.  Uzun dava ge\u00e7mi\u015fi ve hukuk bilgisi ile Kristen, m\u00fcvekkillerine belirli bir i\u015flemin olas\u0131 sonu\u00e7lar\u0131 hakk\u0131nda kritik bilgiler sa\u011flar.  En k\u00f6t\u00fc senaryolar\u0131 tahmin eder ve \u00e7abalar\u0131nda m\u00fcvekkilleri korumak i\u00e7in s\u00f6zle\u015fmeleri ve ili\u015fkileri stratejik olarak yap\u0131land\u0131r\u0131r.<\/p><p>Kristen, Indiana \u00dcniversitesi'nden telekom\u00fcnikasyon ve Frans\u0131zca alan\u0131nda Lisans ve St. Thomas \u00dcniversitesi Hukuk Fak\u00fcltesi'nden Hukuk Doktoras\u0131 alm\u0131\u015ft\u0131r.\u00a0<\/p>\t\t\t\t\t\t\t\t<\/div>\n\t\t\t\t<\/div>\n\t\t\t\t<div class=\"elementor-element elementor-element-e4f0ce0 elementor-align-left elementor-widget elementor-widget-button\" data-id=\"e4f0ce0\" data-element_type=\"widget\" data-e-type=\"widget\" data-widget_type=\"button.default\">\n\t\t\t\t<div class=\"elementor-widget-container\">\n\t\t\t\t\t\t\t\t\t<div class=\"elementor-button-wrapper\">\n\t\t\t\t\t<a class=\"elementor-button elementor-button-link elementor-size-sm\" href=\"mailto:kristen@muellerlaw.us\">\n\t\t\t\t\t\t<span class=\"elementor-button-content-wrapper\">\n\t\t\t\t\t\t\t\t\t<span class=\"elementor-button-text\">kristen@muellerlaw.us<\/span>\n\t\t\t\t\t<\/span>\n\t\t\t\t\t<\/a>\n\t\t\t\t<\/div>\n\t\t\t\t\t\t\t\t<\/div>\n\t\t\t\t<\/div>\n\t\t\t\t\t<\/div>\n\t\t<\/div>\n\t\t\t\t\t<\/div>\n\t\t<\/section>\n\t\t\t\t<\/div>","protected":false},"excerpt":{"rendered":"<p>Attorney Bios Attorneys Kristen Mueller Founder\/ Lead Counsel Bar Admissions: State of New York State of Illinois State of Wyoming State of Tennessee U.S. District Court for the Southern District of New York U.S. District Court for the Eastern District of New York Kristen has been practicing law in the United States since 2007 and [&hellip;]<\/p>\n","protected":false},"author":1,"featured_media":0,"parent":0,"menu_order":0,"comment_status":"closed","ping_status":"closed","template":"","meta":{"nf_dc_page":"","site-sidebar-layout":"no-sidebar","site-content-layout":"page-builder","ast-site-content-layout":"default","site-content-style":"default","site-sidebar-style":"default","ast-global-header-display":"","ast-banner-title-visibility":"","ast-main-header-display":"","ast-hfb-above-header-display":"","ast-hfb-below-header-display":"","ast-hfb-mobile-header-display":"","site-post-title":"disabled","ast-breadcrumbs-content":"","ast-featured-img":"","footer-sml-layout":"","ast-disable-related-posts":"","theme-transparent-header-meta":"enabled","adv-header-id-meta":"","stick-header-meta":"","header-above-stick-meta":"","header-main-stick-meta":"","header-below-stick-meta":"","astra-migrate-meta-layouts":"default","ast-page-background-enabled":"default","ast-page-background-meta":{"desktop":{"background-color":"","background-image":"","background-repeat":"repeat","background-position":"center center","background-size":"auto","background-attachment":"scroll","background-type":"","background-media":"","overlay-type":"","overlay-color":"","overlay-opacity":"","overlay-gradient":""},"tablet":{"background-color":"","background-image":"","background-repeat":"repeat","background-position":"center center","background-size":"auto","background-attachment":"scroll","background-type":"","background-media":"","overlay-type":"","overlay-color":"","overlay-opacity":"","overlay-gradient":""},"mobile":{"background-color":"","background-image":"","background-repeat":"repeat","background-position":"center center","background-size":"auto","background-attachment":"scroll","background-type":"","background-media":"","overlay-type":"","overlay-color":"","overlay-opacity":"","overlay-gradient":""}},"ast-content-background-meta":{"desktop":{"background-color":"var(--ast-global-color-5)","background-image":"","background-repeat":"repeat","background-position":"center center","background-size":"auto","background-attachment":"scroll","background-type":"","background-media":"","overlay-type":"","overlay-color":"","overlay-opacity":"","overlay-gradient":""},"tablet":{"background-color":"var(--ast-global-color-5)","background-image":"","background-repeat":"repeat","background-position":"center center","background-size":"auto","background-attachment":"scroll","background-type":"","background-media":"","overlay-type":"","overlay-color":"","overlay-opacity":"","overlay-gradient":""},"mobile":{"background-color":"var(--ast-global-color-5)","background-image":"","background-repeat":"repeat","background-position":"center center","background-size":"auto","background-attachment":"scroll","background-type":"","background-media":"","overlay-type":"","overlay-color":"","overlay-opacity":"","overlay-gradient":""}},"footnotes":""},"class_list":["post-31","page","type-page","status-publish","hentry"],"yoast_head":"<!-- This site is optimized with the Yoast SEO plugin v27.3 - https:\/\/yoast.com\/product\/yoast-seo-wordpress\/ -->\n<title>Attorneys &#8902; MUELLER LAW, LLC<\/title>\n<meta name=\"robots\" content=\"index, follow, max-snippet:-1, max-image-preview:large, max-video-preview:-1\" \/>\n<link rel=\"canonical\" href=\"https:\/\/muellerlaw.us\/tr\/about\/\" \/>\n<meta property=\"og:locale\" content=\"tr_TR\" \/>\n<meta property=\"og:type\" content=\"article\" \/>\n<meta property=\"og:title\" content=\"Attorneys &#8902; MUELLER LAW, LLC\" \/>\n<meta property=\"og:description\" content=\"Attorney Bios Attorneys Kristen Mueller Founder\/ Lead Counsel Bar Admissions: State of New York State of Illinois State of Wyoming State of Tennessee U.S. District Court for the Southern District of New York U.S. District Court for the Eastern District of New York Kristen has been practicing law in the United States since 2007 and [&hellip;]\" \/>\n<meta property=\"og:url\" content=\"https:\/\/muellerlaw.us\/tr\/about\/\" \/>\n<meta property=\"og:site_name\" content=\"MUELLER LAW, LLC\" \/>\n<meta property=\"article:publisher\" content=\"https:\/\/www.facebook.com\/profile.php?id=100088993026182\" \/>\n<meta property=\"article:modified_time\" content=\"2025-07-25T14:43:28+00:00\" \/>\n<meta property=\"og:image\" content=\"https:\/\/muellerlaw.us\/wp-content\/uploads\/2021\/11\/5CEB174D-F11C-43EC-A237-AF42FC41F7DC.jpeg\" \/>\n<meta name=\"twitter:card\" content=\"summary_large_image\" \/>\n<meta name=\"twitter:label1\" content=\"Tahmini okuma s\u00fcresi\" \/>\n\t<meta name=\"twitter:data1\" content=\"2 dakika\" \/>\n<script type=\"application\/ld+json\" class=\"yoast-schema-graph\">{\"@context\":\"https:\\\/\\\/schema.org\",\"@graph\":[{\"@type\":\"WebPage\",\"@id\":\"https:\\\/\\\/muellerlaw.us\\\/about\\\/\",\"url\":\"https:\\\/\\\/muellerlaw.us\\\/about\\\/\",\"name\":\"Attorneys &#8902; MUELLER LAW, LLC\",\"isPartOf\":{\"@id\":\"https:\\\/\\\/muellerlaw.us\\\/#website\"},\"primaryImageOfPage\":{\"@id\":\"https:\\\/\\\/muellerlaw.us\\\/about\\\/#primaryimage\"},\"image\":{\"@id\":\"https:\\\/\\\/muellerlaw.us\\\/about\\\/#primaryimage\"},\"thumbnailUrl\":\"https:\\\/\\\/muellerlaw.us\\\/wp-content\\\/uploads\\\/2021\\\/11\\\/5CEB174D-F11C-43EC-A237-AF42FC41F7DC.jpeg\",\"datePublished\":\"2020-04-13T11:18:52+00:00\",\"dateModified\":\"2025-07-25T14:43:28+00:00\",\"breadcrumb\":{\"@id\":\"https:\\\/\\\/muellerlaw.us\\\/about\\\/#breadcrumb\"},\"inLanguage\":\"tr\",\"potentialAction\":[{\"@type\":\"ReadAction\",\"target\":[\"https:\\\/\\\/muellerlaw.us\\\/about\\\/\"]}]},{\"@type\":\"ImageObject\",\"inLanguage\":\"tr\",\"@id\":\"https:\\\/\\\/muellerlaw.us\\\/about\\\/#primaryimage\",\"url\":\"https:\\\/\\\/muellerlaw.us\\\/wp-content\\\/uploads\\\/2021\\\/11\\\/5CEB174D-F11C-43EC-A237-AF42FC41F7DC.jpeg\",\"contentUrl\":\"https:\\\/\\\/muellerlaw.us\\\/wp-content\\\/uploads\\\/2021\\\/11\\\/5CEB174D-F11C-43EC-A237-AF42FC41F7DC.jpeg\"},{\"@type\":\"BreadcrumbList\",\"@id\":\"https:\\\/\\\/muellerlaw.us\\\/about\\\/#breadcrumb\",\"itemListElement\":[{\"@type\":\"ListItem\",\"position\":1,\"name\":\"Home\",\"item\":\"https:\\\/\\\/muellerlaw.us\\\/\"},{\"@type\":\"ListItem\",\"position\":2,\"name\":\"Attorneys\"}]},{\"@type\":\"WebSite\",\"@id\":\"https:\\\/\\\/muellerlaw.us\\\/#website\",\"url\":\"https:\\\/\\\/muellerlaw.us\\\/\",\"name\":\"MUELLER LAW, LLC\",\"description\":\"Representing small businesses in NY, IL, TN, &amp; WY.\",\"publisher\":{\"@id\":\"https:\\\/\\\/muellerlaw.us\\\/#organization\"},\"potentialAction\":[{\"@type\":\"SearchAction\",\"target\":{\"@type\":\"EntryPoint\",\"urlTemplate\":\"https:\\\/\\\/muellerlaw.us\\\/?s={search_term_string}\"},\"query-input\":{\"@type\":\"PropertyValueSpecification\",\"valueRequired\":true,\"valueName\":\"search_term_string\"}}],\"inLanguage\":\"tr\"},{\"@type\":\"Organization\",\"@id\":\"https:\\\/\\\/muellerlaw.us\\\/#organization\",\"name\":\"Mueller Law, LLC\",\"url\":\"https:\\\/\\\/muellerlaw.us\\\/\",\"logo\":{\"@type\":\"ImageObject\",\"inLanguage\":\"tr\",\"@id\":\"https:\\\/\\\/muellerlaw.us\\\/#\\\/schema\\\/logo\\\/image\\\/\",\"url\":\"https:\\\/\\\/i0.wp.com\\\/muellerlaw.us\\\/wp-content\\\/uploads\\\/2021\\\/11\\\/ML_Logo_Full_BGEmail.png?fit=290%2C244&ssl=1\",\"contentUrl\":\"https:\\\/\\\/i0.wp.com\\\/muellerlaw.us\\\/wp-content\\\/uploads\\\/2021\\\/11\\\/ML_Logo_Full_BGEmail.png?fit=290%2C244&ssl=1\",\"width\":290,\"height\":244,\"caption\":\"Mueller Law, LLC\"},\"image\":{\"@id\":\"https:\\\/\\\/muellerlaw.us\\\/#\\\/schema\\\/logo\\\/image\\\/\"},\"sameAs\":[\"https:\\\/\\\/www.facebook.com\\\/profile.php?id=100088993026182\",\"https:\\\/\\\/www.instagram.com\\\/muellerlawyer?fbclid=IwY2xjawIXYFxleHRuA2FlbQIxMAABHYuYH0Yobg0EN4OsFp6nBZrCHWjTe9kZQBxCATFyzuP0Du9bwqGhC1zo5Q_aem_EUfBJhaYwkS5K_SnMQ7kJA\"]}]}<\/script>\n<!-- \/ Yoast SEO plugin. -->","yoast_head_json":{"title":"Attorneys &#8902; MUELLER LAW, LLC","robots":{"index":"index","follow":"follow","max-snippet":"max-snippet:-1","max-image-preview":"max-image-preview:large","max-video-preview":"max-video-preview:-1"},"canonical":"https:\/\/muellerlaw.us\/tr\/about\/","og_locale":"tr_TR","og_type":"article","og_title":"Attorneys &#8902; MUELLER LAW, LLC","og_description":"Attorney Bios Attorneys Kristen Mueller Founder\/ Lead Counsel Bar Admissions: State of New York State of Illinois State of Wyoming State of Tennessee U.S. District Court for the Southern District of New York U.S. District Court for the Eastern District of New York Kristen has been practicing law in the United States since 2007 and [&hellip;]","og_url":"https:\/\/muellerlaw.us\/tr\/about\/","og_site_name":"MUELLER LAW, LLC","article_publisher":"https:\/\/www.facebook.com\/profile.php?id=100088993026182","article_modified_time":"2025-07-25T14:43:28+00:00","og_image":[{"url":"https:\/\/muellerlaw.us\/wp-content\/uploads\/2021\/11\/5CEB174D-F11C-43EC-A237-AF42FC41F7DC.jpeg","type":"","width":"","height":""}],"twitter_card":"summary_large_image","twitter_misc":{"Tahmini okuma s\u00fcresi":"2 dakika"},"schema":{"@context":"https:\/\/schema.org","@graph":[{"@type":"WebPage","@id":"https:\/\/muellerlaw.us\/about\/","url":"https:\/\/muellerlaw.us\/about\/","name":"Attorneys &#8902; MUELLER LAW, LLC","isPartOf":{"@id":"https:\/\/muellerlaw.us\/#website"},"primaryImageOfPage":{"@id":"https:\/\/muellerlaw.us\/about\/#primaryimage"},"image":{"@id":"https:\/\/muellerlaw.us\/about\/#primaryimage"},"thumbnailUrl":"https:\/\/muellerlaw.us\/wp-content\/uploads\/2021\/11\/5CEB174D-F11C-43EC-A237-AF42FC41F7DC.jpeg","datePublished":"2020-04-13T11:18:52+00:00","dateModified":"2025-07-25T14:43:28+00:00","breadcrumb":{"@id":"https:\/\/muellerlaw.us\/about\/#breadcrumb"},"inLanguage":"tr","potentialAction":[{"@type":"ReadAction","target":["https:\/\/muellerlaw.us\/about\/"]}]},{"@type":"ImageObject","inLanguage":"tr","@id":"https:\/\/muellerlaw.us\/about\/#primaryimage","url":"https:\/\/muellerlaw.us\/wp-content\/uploads\/2021\/11\/5CEB174D-F11C-43EC-A237-AF42FC41F7DC.jpeg","contentUrl":"https:\/\/muellerlaw.us\/wp-content\/uploads\/2021\/11\/5CEB174D-F11C-43EC-A237-AF42FC41F7DC.jpeg"},{"@type":"BreadcrumbList","@id":"https:\/\/muellerlaw.us\/about\/#breadcrumb","itemListElement":[{"@type":"ListItem","position":1,"name":"Home","item":"https:\/\/muellerlaw.us\/"},{"@type":"ListItem","position":2,"name":"Attorneys"}]},{"@type":"WebSite","@id":"https:\/\/muellerlaw.us\/#website","url":"https:\/\/muellerlaw.us\/","name":"MUELLER LAW, LLC","description":"Representing small businesses in NY, IL, TN, &amp; WY.","publisher":{"@id":"https:\/\/muellerlaw.us\/#organization"},"potentialAction":[{"@type":"SearchAction","target":{"@type":"EntryPoint","urlTemplate":"https:\/\/muellerlaw.us\/?s={search_term_string}"},"query-input":{"@type":"PropertyValueSpecification","valueRequired":true,"valueName":"search_term_string"}}],"inLanguage":"tr"},{"@type":"Organization","@id":"https:\/\/muellerlaw.us\/#organization","name":"Mueller Law, LLC","url":"https:\/\/muellerlaw.us\/","logo":{"@type":"ImageObject","inLanguage":"tr","@id":"https:\/\/muellerlaw.us\/#\/schema\/logo\/image\/","url":"https:\/\/i0.wp.com\/muellerlaw.us\/wp-content\/uploads\/2021\/11\/ML_Logo_Full_BGEmail.png?fit=290%2C244&ssl=1","contentUrl":"https:\/\/i0.wp.com\/muellerlaw.us\/wp-content\/uploads\/2021\/11\/ML_Logo_Full_BGEmail.png?fit=290%2C244&ssl=1","width":290,"height":244,"caption":"Mueller Law, LLC"},"image":{"@id":"https:\/\/muellerlaw.us\/#\/schema\/logo\/image\/"},"sameAs":["https:\/\/www.facebook.com\/profile.php?id=100088993026182","https:\/\/www.instagram.com\/muellerlawyer?fbclid=IwY2xjawIXYFxleHRuA2FlbQIxMAABHYuYH0Yobg0EN4OsFp6nBZrCHWjTe9kZQBxCATFyzuP0Du9bwqGhC1zo5Q_aem_EUfBJhaYwkS5K_SnMQ7kJA"]}]}},"jetpack_sharing_enabled":true,"_links":{"self":[{"href":"https:\/\/muellerlaw.us\/tr\/wp-json\/wp\/v2\/pages\/31","targetHints":{"allow":["GET"]}}],"collection":[{"href":"https:\/\/muellerlaw.us\/tr\/wp-json\/wp\/v2\/pages"}],"about":[{"href":"https:\/\/muellerlaw.us\/tr\/wp-json\/wp\/v2\/types\/page"}],"author":[{"embeddable":true,"href":"https:\/\/muellerlaw.us\/tr\/wp-json\/wp\/v2\/users\/1"}],"replies":[{"embeddable":true,"href":"https:\/\/muellerlaw.us\/tr\/wp-json\/wp\/v2\/comments?post=31"}],"version-history":[{"count":5,"href":"https:\/\/muellerlaw.us\/tr\/wp-json\/wp\/v2\/pages\/31\/revisions"}],"predecessor-version":[{"id":1280,"href":"https:\/\/muellerlaw.us\/tr\/wp-json\/wp\/v2\/pages\/31\/revisions\/1280"}],"wp:attachment":[{"href":"https:\/\/muellerlaw.us\/tr\/wp-json\/wp\/v2\/media?parent=31"}],"curies":[{"name":"wp","href":"https:\/\/api.w.org\/{rel}","templated":true}]}}